{"id":297,"date":"2023-08-31T07:42:55","date_gmt":"2023-08-31T07:42:55","guid":{"rendered":"https:\/\/circlebrain.com\/?page_id=297"},"modified":"2023-08-31T08:32:20","modified_gmt":"2023-08-31T08:32:20","slug":"privacy-policy","status":"publish","type":"page","link":"https:\/\/circlebrain.com\/it\/privacy-policy\/","title":{"rendered":"Privacy Policy"},"content":{"rendered":"\t\t<div data-elementor-type=\"wp-page\" data-elementor-id=\"297\" class=\"elementor elementor-297\" data-elementor-post-type=\"page\">\n\t\t\t\t\t\t<section class=\"elementor-section elementor-top-section elementor-element elementor-element-dbdf5d1 elementor-section-full_width elementor-section-height-min-height elementor-section-height-default elementor-section-items-middle\" data-id=\"dbdf5d1\" data-element_type=\"section\" data-settings=\"{&quot;background_background&quot;:&quot;classic&quot;}\">\n\t\t\t\t\t\t\t<div class=\"elementor-background-overlay\"><\/div>\n\t\t\t\t\t\t\t<div class=\"elementor-container elementor-column-gap-default\">\n\t\t\t\t\t<div class=\"elementor-column elementor-col-100 elementor-top-column elementor-element elementor-element-82e5f15\" data-id=\"82e5f15\" data-element_type=\"column\">\n\t\t\t<div class=\"elementor-widget-wrap elementor-element-populated\">\n\t\t\t\t\t\t<div class=\"elementor-element elementor-element-d9c9ea3 animated-slow elementor-invisible elementor-widget elementor-widget-heading\" data-id=\"d9c9ea3\" data-element_type=\"widget\" data-settings=\"{&quot;_animation&quot;:&quot;fadeIn&quot;,&quot;_animation_delay&quot;:300}\" data-widget_type=\"heading.default\">\n\t\t\t\t<div class=\"elementor-widget-container\">\n\t\t\t\t\t<h2 class=\"elementor-heading-title elementor-size-default\">Privacy Policy<\/h2>\t\t\t\t<\/div>\n\t\t\t\t<\/div>\n\t\t\t\t\t<\/div>\n\t\t<\/div>\n\t\t\t\t\t<\/div>\n\t\t<\/section>\n\t\t\t\t<section class=\"elementor-section elementor-top-section elementor-element elementor-element-31667c3 elementor-section-full_width elementor-section-height-default elementor-section-height-default\" data-id=\"31667c3\" data-element_type=\"section\" data-settings=\"{&quot;background_background&quot;:&quot;classic&quot;}\">\n\t\t\t\t\t\t<div class=\"elementor-container elementor-column-gap-default\">\n\t\t\t\t\t<div class=\"elementor-column elementor-col-100 elementor-top-column elementor-element elementor-element-35734b4\" data-id=\"35734b4\" data-element_type=\"column\">\n\t\t\t<div class=\"elementor-widget-wrap elementor-element-populated\">\n\t\t\t\t\t\t<div class=\"elementor-element elementor-element-ee9f47f elementor-invisible elementor-widget elementor-widget-heading\" data-id=\"ee9f47f\" data-element_type=\"widget\" data-settings=\"{&quot;_animation&quot;:&quot;fadeIn&quot;}\" data-widget_type=\"heading.default\">\n\t\t\t\t<div class=\"elementor-widget-container\">\n\t\t\t\t\t<h2 class=\"elementor-heading-title elementor-size-default\">Privacy Policy<\/h2>\t\t\t\t<\/div>\n\t\t\t\t<\/div>\n\t\t\t\t<div class=\"elementor-element elementor-element-537736f elementor-widget-divider--view-line elementor-invisible elementor-widget elementor-widget-divider\" data-id=\"537736f\" data-element_type=\"widget\" data-settings=\"{&quot;_animation&quot;:&quot;fadeIn&quot;}\" data-widget_type=\"divider.default\">\n\t\t\t\t<div class=\"elementor-widget-container\">\n\t\t\t\t\t\t\t<div class=\"elementor-divider\">\n\t\t\t<span class=\"elementor-divider-separator\">\n\t\t\t\t\t\t<\/span>\n\t\t<\/div>\n\t\t\t\t\t\t<\/div>\n\t\t\t\t<\/div>\n\t\t\t\t<div class=\"elementor-element elementor-element-b105e56 elementor-widget elementor-widget-text-editor\" data-id=\"b105e56\" data-element_type=\"widget\" data-settings=\"{&quot;_animation_mobile&quot;:&quot;fadeIn&quot;}\" data-widget_type=\"text-editor.default\">\n\t\t\t\t<div class=\"elementor-widget-container\">\n\t\t\t\t\t\t\t\t\t<p>Circle Brain srl riconosce l\u2019importanza della protezione dei dati personali, si impegna a rispettare la privacy degli utilizzatori, a trattare i dati privati con cautela e riservatezza ed a non utilizzarli per finalit\u00e0 diverse da quelle specificate in seguito.<\/p><p>A tal fine, in questa policy si descrivono le modalit\u00e0 di gestione del sito in riferimento al trattamento dei dati personali degli utenti che lo consultano.<\/p><p>Si tratta di un\u2019informativa resa, anche ai sensi dell\u2019art.13 del Regolamento UE 679\/2016, a coloro che interagiscono con i servizi web www.circlebrain.com<\/p><p>Questa Policy potr\u00e0 essere modificata o aggiornata in qualsiasi momento ed \u00e8 resa solo per il presente sito e non anche per altri siti web eventualmente consultati dall\u2019utente tramite link fatti salvi quelli sopra indicati.<\/p><p>Titolare del trattamento<\/p><p>Il Titolare del trattamento \u00e8: Circle Brain srl (d\u2019ora in avanti anche \u201cCircle Brain\u201d), incaricata di altres\u00ec di gestire i dati conferiti sulle pagine del presente sito.<\/p><p>Responsabile della protezione dei dati<\/p><p>Circle Brain ha nominato un Responsabile della protezione dei dati personali contattabile all\u2019indirizzo info@circlebrain.com<\/p><p>Dati e finalit\u00e0 del trattamento<\/p><p>Circle Brain informa gli utenti del sito che i dati raccolti verranno utilizzati esclusivamente per gli scopi specificati di seguito. I dati oggetto del trattamento sono i dati di navigazione e i dati forniti volontariamente dall\u2019utente.<\/p><p>1. Dati di navigazione<\/p><p>I sistemi informatici preposti al funzionamento del sito web acquisiscono alcuni dati necessari al funzionamento della piattaforma ed informazioni la cui trasmissione \u00e8 implicita nei protocolli utilizzati per la connessione e la navigazione internet.<\/p><p>Vengono anche acquisiti alcune informazioni relative alla sessione del browser e dati generici relativi al dispositivo utilizzato dall\u2019utente. Tutti i dati vengono acquisiti in forma anonima e non riconducibili, comunque, ad un utente specifico o per finalit\u00e0 di profilazione.<\/p><p>2. Dati forniti volontariamente dall\u2019utente<\/p><p>L\u2019utente, per accedere ad alcuni servizi del sito web fornisce a Circle Brain diverse tipologie di dati in forma spontanea previa presa visione della presente informativa ed eventuale consenso al trattamento per uno o pi\u00f9 dei fini previsti ed elencati di seguito.<\/p><p>Circle Brain utilizzer\u00e0 i dati raccolti per:<\/p><ol><li>finalit\u00e0 connesse all\u2019utilizzo dei servizi offerti dal sito (navigazione sito);<\/li><li>attivit\u00e0 strettamente connesse e strumentali alla gestione dei rapporti con la clientela e dei potenziali collaboratori (richieste di contatto);<\/li><li>invio di newsletter;<\/li><li>trattare i dati relativi a curricula per valutazione candidature lavorative.<\/li><\/ol><p>Il conferimento dei dati per le finalit\u00e0 di cui alle lettere c) e d) \u00e8 facoltativo e deve essere prestato secondo le modalit\u00e0 espressamente previste dall\u2019articolo 7 del GDPR, direttamente dal sito internet.<\/p><p>Modalit\u00e0 di trattamento<\/p><p>Il trattamento dei dati verr\u00e0 realizzato ai sensi dell\u2019Art. 4 n. 2) del GDPR, per mezzo delle seguenti operazioni: raccolta, registrazione, organizzazione, conservazione, consultazione, elaborazione, modificazione, selezione, estrazione, raffronto, utilizzo, interconnessione, blocco, comunicazione, cancellazione e distruzione dei dati.<\/p><p>I dati verranno sottoposti a trattamento sia cartaceo che elettronico e\/o automatizzato.<\/p><p>I dati a partire dal loro ricevimento\/aggiornamento, saranno conservati per un periodo congruo rispetto alle finalit\u00e0 del trattamento sopra riportate. In particolare, i Curricula relativi alle candidature lavorative saranno conservati per un periodo massimo di 24 mesi dal ricevimento; il servizio di newsletter verr\u00e0 garantito sino all\u2019esercizio dell\u2019opt-out da parte dell\u2019interessato. Per avere maggiori informazioni rispetto ai termini di conservazione dei dati \u00e8 possibile scrivere a info@circlebrain.com<\/p><p>Comunicazione e trasferimento dei dati<\/p><p>I dati, oggetto del trattamento, non saranno diffusi; potranno invece, per le finalit\u00e0 indicate nella presente informativa, essere comunicati a soggetti terzi, tra cui partners, consulenti e liberi professionisti, banche ed istituti di credito, assicurazioni, societ\u00e0 finanziarie, di servizi, di gestione e di recupero del credito, revisori dei conti, Enti pubblici, Organismi di revisione o vigilanza, per adempiere ad obblighi derivanti dalla legge, regolamenti, normative comunitarie o per aspetti riguardanti la gestione ed esecuzione del rapporto giuridico con Voi intercorrenti o intercorsi.<\/p><p>I dati verranno trattati dai seguenti soggetti:<\/p><ul><li>Dipendenti che operano come persone autorizzate al trattamento dei dati in funzione delle mansioni svolte ed adeguatamente istruite.<\/li><li>Responsabili Esterni ai sensi dell\u2019art.28 GDPR.<\/li><\/ul><p>Diritti dell\u2019interessato\u00a0<\/p><p>Si precisa che nella qualit\u00e0 di interessati, in qualsiasi momento si potr\u00e0 chiedere:<\/p><ol><li>l\u2019accesso ai dati personali;<\/li><li>la loro rettifica in caso di inesattezza;<\/li><li>la cancellazione;<\/li><li>la limitazione del trattamento;<\/li><li>il diritto di opposizione al trattamento dei dati ove ricorrano i presupposti;<\/li><li>il diritto alla portabilit\u00e0 dei dati, ossia di ricevere in un formato strutturato di uso comune e leggibile da dispositivo automatico, i dati personali forniti.<\/li><\/ol><p>Per quanto non espressamente previsto dalle disposizioni quivi richiamate si rimanda integralmente alla normativa in vigore in tema Privacy e specificatamente agli artt. 15, 16, 17, 18, 20 e 21 del GDPR.<\/p><p>Revoca del consenso<\/p><p>Il consenso potr\u00e0 essere revocato, in qualsiasi momento, senza che ci\u00f2 tuttavia possa:<\/p><ul><li>pregiudicare la liceit\u00e0 del trattamento basato sul consenso prestato prima della revoca;<\/li><li>pregiudicare ulteriori trattamenti degli stessi dati fondati su altre basi giuridiche come ad esempio obblighi contrattuali o di legge.<\/li><\/ul><p>Per ulteriori delucidazioni circa la presente informativa o su qualsiasi tematica privacy, o nel caso in cui desideriate esercitare i diritti sopra citati o revocare il consenso, potrete scrivere a info@circlebrain.com<\/p><p>Titolare del Trattamento<\/p><p>Circle Brain srl<\/p><p>Largo Gallarati Scotti, 1 &#8211; Milano<\/p><p>P.IVA 11718870964<\/p><p>Indirizzo e-mail del Titolare: info@circlebrain.com<\/p><p>Responsabile della protezione dei dati<\/p><p>Indirizzo mail del Responsabile della protezione dei dati: info@circlebrain.com<\/p>\t\t\t\t\t\t\t\t<\/div>\n\t\t\t\t<\/div>\n\t\t\t\t\t<\/div>\n\t\t<\/div>\n\t\t\t\t\t<\/div>\n\t\t<\/section>\n\t\t\t\t<\/div>\n\t\t","protected":false},"excerpt":{"rendered":"<p>Privacy Policy Privacy Policy Circle Brain srl riconosce l\u2019importanza della protezione dei dati personali, si impegna a rispettare la privacy degli utilizzatori, a trattare i dati privati con cautela e riservatezza ed a non utilizzarli per finalit\u00e0 diverse da quelle specificate in seguito. A tal fine, in questa policy si descrivono le modalit\u00e0 di gestione [&hellip;]<\/p>\n","protected":false},"author":1,"featured_media":0,"parent":0,"menu_order":0,"comment_status":"closed","ping_status":"closed","template":"elementor_header_footer","meta":{"footnotes":""},"class_list":["post-297","page","type-page","status-publish","hentry"],"_links":{"self":[{"href":"https:\/\/circlebrain.com\/it\/wp-json\/wp\/v2\/pages\/297","targetHints":{"allow":["GET"]}}],"collection":[{"href":"https:\/\/circlebrain.com\/it\/wp-json\/wp\/v2\/pages"}],"about":[{"href":"https:\/\/circlebrain.com\/it\/wp-json\/wp\/v2\/types\/page"}],"author":[{"embeddable":true,"href":"https:\/\/circlebrain.com\/it\/wp-json\/wp\/v2\/users\/1"}],"replies":[{"embeddable":true,"href":"https:\/\/circlebrain.com\/it\/wp-json\/wp\/v2\/comments?post=297"}],"version-history":[{"count":12,"href":"https:\/\/circlebrain.com\/it\/wp-json\/wp\/v2\/pages\/297\/revisions"}],"predecessor-version":[{"id":310,"href":"https:\/\/circlebrain.com\/it\/wp-json\/wp\/v2\/pages\/297\/revisions\/310"}],"wp:attachment":[{"href":"https:\/\/circlebrain.com\/it\/wp-json\/wp\/v2\/media?parent=297"}],"curies":[{"name":"wp","href":"https:\/\/api.w.org\/{rel}","templated":true}]}}